{"id":8583,"date":"2020-08-10T08:56:49","date_gmt":"2020-08-10T06:56:49","guid":{"rendered":"https:\/\/elcea-laboratoires.com\/blog\/"},"modified":"2023-09-05T15:18:17","modified_gmt":"2023-09-05T13:18:17","slug":"blog","status":"publish","type":"page","link":"https:\/\/elcea-laboratoires.com\/en\/blog\/","title":{"rendered":"Blog"},"content":{"rendered":"\t\t<div data-elementor-type=\"wp-page\" data-elementor-id=\"8583\" class=\"elementor elementor-8583 elementor-71\" data-elementor-post-type=\"page\">\n\t\t\t\t\t\t<div class=\"elementor-inner\">\n\t\t\t\t<div class=\"elementor-section-wrap\">\n\t\t\t\t\t\t\t\t\t<section class=\"elementor-section elementor-top-section elementor-element elementor-element-a932c8e elementor-section-boxed elementor-section-height-default elementor-section-height-default\" data-id=\"a932c8e\" data-element_type=\"section\">\n\t\t\t\t\t\t<div class=\"elementor-container elementor-column-gap-default\">\n\t\t\t\t\t\t\t<div class=\"elementor-row\">\n\t\t\t\t\t<div class=\"elementor-column elementor-col-100 elementor-top-column elementor-element elementor-element-8458712\" data-id=\"8458712\" data-element_type=\"column\">\n\t\t\t<div class=\"elementor-column-wrap elementor-element-populated\">\n\t\t\t\t\t\t\t<div class=\"elementor-widget-wrap\">\n\t\t\t\t\t\t<div class=\"elementor-element elementor-element-caaa61b elementor-grid-3 elementor-grid-tablet-2 elementor-grid-mobile-1 elementor-posts--thumbnail-top elementor-widget elementor-widget-posts\" data-id=\"caaa61b\" data-element_type=\"widget\" data-settings=\"{&quot;classic_masonry&quot;:&quot;yes&quot;,&quot;classic_columns&quot;:&quot;3&quot;,&quot;classic_columns_tablet&quot;:&quot;2&quot;,&quot;classic_columns_mobile&quot;:&quot;1&quot;,&quot;classic_row_gap&quot;:{&quot;unit&quot;:&quot;px&quot;,&quot;size&quot;:35,&quot;sizes&quot;:[]},&quot;classic_row_gap_tablet&quot;:{&quot;unit&quot;:&quot;px&quot;,&quot;size&quot;:&quot;&quot;,&quot;sizes&quot;:[]},&quot;classic_row_gap_mobile&quot;:{&quot;unit&quot;:&quot;px&quot;,&quot;size&quot;:&quot;&quot;,&quot;sizes&quot;:[]}}\" data-widget_type=\"posts.classic\">\n\t\t\t\t<div class=\"elementor-widget-container\">\n\t\t\t\t\t<div class=\"elementor-posts-container elementor-posts elementor-posts--skin-classic elementor-grid\">\n\t\t\t\t<article class=\"elementor-post elementor-grid-item post-8726 post type-post status-publish format-standard has-post-thumbnail hentry category-tout-savoir-sur-le-cheveu-2\">\n\t\t\t\t<a class=\"elementor-post__thumbnail__link\" href=\"https:\/\/elcea-laboratoires.com\/en\/tout-savoir-sur-le-cheveu\/\" >\n\t\t\t<div class=\"elementor-post__thumbnail\"><img decoding=\"async\" width=\"300\" height=\"300\" src=\"https:\/\/elcea-laboratoires.com\/wp-content\/uploads\/2023\/10\/Design-sans-titre-32-300x300.png\" class=\"attachment-medium size-medium wp-image-8680\" alt=\"Composition du cheveu\" loading=\"lazy\" srcset=\"https:\/\/elcea-laboratoires.com\/wp-content\/uploads\/2023\/10\/Design-sans-titre-32-300x300.png 300w, https:\/\/elcea-laboratoires.com\/wp-content\/uploads\/2023\/10\/Design-sans-titre-32-150x150.png 150w, https:\/\/elcea-laboratoires.com\/wp-content\/uploads\/2023\/10\/Design-sans-titre-32-100x100.png 100w, https:\/\/elcea-laboratoires.com\/wp-content\/uploads\/2023\/10\/Design-sans-titre-32-450x450.png 450w, https:\/\/elcea-laboratoires.com\/wp-content\/uploads\/2023\/10\/Design-sans-titre-32-50x50.png 50w, https:\/\/elcea-laboratoires.com\/wp-content\/uploads\/2023\/10\/Design-sans-titre-32.png 500w\" sizes=\"(max-width: 300px) 100vw, 300px\" \/><\/div>\n\t\t<\/a>\n\t\t\t\t<div class=\"elementor-post__text\">\n\t\t\t\t<h3 class=\"elementor-post__title\">\n\t\t\t<a href=\"https:\/\/elcea-laboratoires.com\/en\/tout-savoir-sur-le-cheveu\/\" >\n\t\t\t\tAll you need to know about hair\t\t\t<\/a>\n\t\t<\/h3>\n\t\t\t\t<div class=\"elementor-post__meta-data\">\n\t\t\t\t\t<span class=\"elementor-post-date\">\n\t\t\t23 October 2023\t\t<\/span>\n\t\t\t\t<\/div>\n\t\t\t\t<div class=\"elementor-post__excerpt\">\n\t\t\t<p>They can come brown, blond, chestnut and red There are thousands of them on our heads &#8211; 130,000 on average &#8211; and they tell a<\/p>\n\t\t<\/div>\n\t\t\n\t\t<a class=\"elementor-post__read-more\" href=\"https:\/\/elcea-laboratoires.com\/en\/tout-savoir-sur-le-cheveu\/\" aria-label=\"Read more about All you need to know about hair\" >\n\t\t\tLire la suite \u00bb\t\t<\/a>\n\n\t\t\t\t<\/div>\n\t\t\t\t<\/article>\n\t\t\t\t<article class=\"elementor-post elementor-grid-item post-8618 post type-post status-publish format-standard has-post-thumbnail hentry category-coloration-en\">\n\t\t\t\t<a class=\"elementor-post__thumbnail__link\" href=\"https:\/\/elcea-laboratoires.com\/en\/for-a-glamorous-fall-brighten-up\/\" >\n\t\t\t<div class=\"elementor-post__thumbnail\"><img decoding=\"async\" width=\"300\" height=\"300\" src=\"https:\/\/elcea-laboratoires.com\/wp-content\/uploads\/2023\/10\/Design-sans-titre-33-300x300.png\" class=\"attachment-medium size-medium wp-image-8682\" alt=\"Eclaircir ses cheveux\" loading=\"lazy\" srcset=\"https:\/\/elcea-laboratoires.com\/wp-content\/uploads\/2023\/10\/Design-sans-titre-33-300x300.png 300w, https:\/\/elcea-laboratoires.com\/wp-content\/uploads\/2023\/10\/Design-sans-titre-33-150x150.png 150w, https:\/\/elcea-laboratoires.com\/wp-content\/uploads\/2023\/10\/Design-sans-titre-33-100x100.png 100w, https:\/\/elcea-laboratoires.com\/wp-content\/uploads\/2023\/10\/Design-sans-titre-33-450x450.png 450w, https:\/\/elcea-laboratoires.com\/wp-content\/uploads\/2023\/10\/Design-sans-titre-33-50x50.png 50w, https:\/\/elcea-laboratoires.com\/wp-content\/uploads\/2023\/10\/Design-sans-titre-33.png 500w\" sizes=\"(max-width: 300px) 100vw, 300px\" \/><\/div>\n\t\t<\/a>\n\t\t\t\t<div class=\"elementor-post__text\">\n\t\t\t\t<h3 class=\"elementor-post__title\">\n\t\t\t<a href=\"https:\/\/elcea-laboratoires.com\/en\/for-a-glamorous-fall-brighten-up\/\" >\n\t\t\t\tFor a glamorous fall, brighten up !\t\t\t<\/a>\n\t\t<\/h3>\n\t\t\t\t<div class=\"elementor-post__meta-data\">\n\t\t\t\t\t<span class=\"elementor-post-date\">\n\t\t\t9 October 2023\t\t<\/span>\n\t\t\t\t<\/div>\n\t\t\t\t<div class=\"elementor-post__excerpt\">\n\t\t\t<p>Fall has come now, and you may start longing towards those weeks in September when memories of idleness and summer days were still there. But<\/p>\n\t\t<\/div>\n\t\t\n\t\t<a class=\"elementor-post__read-more\" href=\"https:\/\/elcea-laboratoires.com\/en\/for-a-glamorous-fall-brighten-up\/\" aria-label=\"Read more about For a glamorous fall, brighten up !\" >\n\t\t\tLire la suite \u00bb\t\t<\/a>\n\n\t\t\t\t<\/div>\n\t\t\t\t<\/article>\n\t\t\t\t<article class=\"elementor-post elementor-grid-item post-8516 post type-post status-publish format-standard has-post-thumbnail hentry category-soin-2\">\n\t\t\t\t<a class=\"elementor-post__thumbnail__link\" href=\"https:\/\/elcea-laboratoires.com\/en\/mes-cheveux-en-ete-les-bons-gestes-a-adopter\/\" >\n\t\t\t<div class=\"elementor-post__thumbnail\"><img decoding=\"async\" width=\"300\" height=\"300\" src=\"https:\/\/elcea-laboratoires.com\/wp-content\/uploads\/2023\/07\/Design-sans-titre-35-300x300.png\" class=\"attachment-medium size-medium wp-image-8686\" alt=\"Prot\u00e9ger ses cheveux en \u00e9t\u00e9\" loading=\"lazy\" srcset=\"https:\/\/elcea-laboratoires.com\/wp-content\/uploads\/2023\/07\/Design-sans-titre-35-300x300.png 300w, https:\/\/elcea-laboratoires.com\/wp-content\/uploads\/2023\/07\/Design-sans-titre-35-150x150.png 150w, https:\/\/elcea-laboratoires.com\/wp-content\/uploads\/2023\/07\/Design-sans-titre-35-100x100.png 100w, https:\/\/elcea-laboratoires.com\/wp-content\/uploads\/2023\/07\/Design-sans-titre-35-450x450.png 450w, https:\/\/elcea-laboratoires.com\/wp-content\/uploads\/2023\/07\/Design-sans-titre-35-50x50.png 50w, https:\/\/elcea-laboratoires.com\/wp-content\/uploads\/2023\/07\/Design-sans-titre-35.png 500w\" sizes=\"(max-width: 300px) 100vw, 300px\" \/><\/div>\n\t\t<\/a>\n\t\t\t\t<div class=\"elementor-post__text\">\n\t\t\t\t<h3 class=\"elementor-post__title\">\n\t\t\t<a href=\"https:\/\/elcea-laboratoires.com\/en\/mes-cheveux-en-ete-les-bons-gestes-a-adopter\/\" >\n\t\t\t\tHair care : my summer tips\t\t\t<\/a>\n\t\t<\/h3>\n\t\t\t\t<div class=\"elementor-post__meta-data\">\n\t\t\t\t\t<span class=\"elementor-post-date\">\n\t\t\t21 July 2023\t\t<\/span>\n\t\t\t\t<\/div>\n\t\t\t\t<div class=\"elementor-post__excerpt\">\n\t\t\t<p>Summer&#8217;s now obviously here, and you may already have got out your best swimming suit \u00a0for gorgeous sunbathing sessions by the seashore. Sun care products\u00a0<\/p>\n\t\t<\/div>\n\t\t\n\t\t<a class=\"elementor-post__read-more\" href=\"https:\/\/elcea-laboratoires.com\/en\/mes-cheveux-en-ete-les-bons-gestes-a-adopter\/\" aria-label=\"Read more about Hair care : my summer tips\" >\n\t\t\tLire la suite \u00bb\t\t<\/a>\n\n\t\t\t\t<\/div>\n\t\t\t\t<\/article>\n\t\t\t\t<article class=\"elementor-post elementor-grid-item post-8515 post type-post status-publish format-standard has-post-thumbnail hentry category-coloration-en\">\n\t\t\t\t<a class=\"elementor-post__thumbnail__link\" href=\"https:\/\/elcea-laboratoires.com\/en\/une-coloration-pour-lete\/\" >\n\t\t\t<div class=\"elementor-post__thumbnail\"><img decoding=\"async\" width=\"300\" height=\"300\" src=\"https:\/\/elcea-laboratoires.com\/wp-content\/uploads\/2023\/07\/Design-sans-titre-34-300x300.png\" class=\"attachment-medium size-medium wp-image-8684\" alt=\"Coloration en \u00e9t\u00e9\" loading=\"lazy\" srcset=\"https:\/\/elcea-laboratoires.com\/wp-content\/uploads\/2023\/07\/Design-sans-titre-34-300x300.png 300w, https:\/\/elcea-laboratoires.com\/wp-content\/uploads\/2023\/07\/Design-sans-titre-34-150x150.png 150w, https:\/\/elcea-laboratoires.com\/wp-content\/uploads\/2023\/07\/Design-sans-titre-34-100x100.png 100w, https:\/\/elcea-laboratoires.com\/wp-content\/uploads\/2023\/07\/Design-sans-titre-34-450x450.png 450w, https:\/\/elcea-laboratoires.com\/wp-content\/uploads\/2023\/07\/Design-sans-titre-34-50x50.png 50w, https:\/\/elcea-laboratoires.com\/wp-content\/uploads\/2023\/07\/Design-sans-titre-34.png 500w\" sizes=\"(max-width: 300px) 100vw, 300px\" \/><\/div>\n\t\t<\/a>\n\t\t\t\t<div class=\"elementor-post__text\">\n\t\t\t\t<h3 class=\"elementor-post__title\">\n\t\t\t<a href=\"https:\/\/elcea-laboratoires.com\/en\/une-coloration-pour-lete\/\" >\n\t\t\t\tWhat about a special summer hair dye ?\t\t\t<\/a>\n\t\t<\/h3>\n\t\t\t\t<div class=\"elementor-post__meta-data\">\n\t\t\t\t\t<span class=\"elementor-post-date\">\n\t\t\t21 July 2023\t\t<\/span>\n\t\t\t\t<\/div>\n\t\t\t\t<div class=\"elementor-post__excerpt\">\n\t\t\t<p>\u00a0Here we are, holiday are gently showing up, you start dreaming of sunbath, cocktails by the pool , walks along the dunes&#8230; Waxing, semi-permanent varnish<\/p>\n\t\t<\/div>\n\t\t\n\t\t<a class=\"elementor-post__read-more\" href=\"https:\/\/elcea-laboratoires.com\/en\/une-coloration-pour-lete\/\" aria-label=\"Read more about What about a special summer hair dye ?\" >\n\t\t\tLire la suite \u00bb\t\t<\/a>\n\n\t\t\t\t<\/div>\n\t\t\t\t<\/article>\n\t\t\t\t<\/div>\n\t\t\n\t\t\t\t<\/div>\n\t\t\t\t<\/div>\n\t\t\t\t\t\t<\/div>\n\t\t\t\t\t<\/div>\n\t\t<\/div>\n\t\t\t\t\t\t\t\t<\/div>\n\t\t\t\t\t<\/div>\n\t\t<\/section>\n\t\t\t\t\t\t\t\t\t<\/div>\n\t\t\t<\/div>\n\t\t\t\t\t<\/div>\n\t\t","protected":false},"excerpt":{"rendered":"","protected":false},"author":13,"featured_media":0,"parent":0,"menu_order":0,"comment_status":"closed","ping_status":"closed","template":"","meta":{"inline_featured_image":false},"acf":[],"yoast_head":"<!-- This site is optimized with the Yoast SEO plugin v20.9 - https:\/\/yoast.com\/wordpress\/plugins\/seo\/ -->\n<title>Blog | Elc\u00e9a<\/title>\n<meta name=\"robots\" content=\"index, follow, max-snippet:-1, max-image-preview:large, max-video-preview:-1\" \/>\n<link rel=\"canonical\" href=\"https:\/\/elcea-laboratoires.com\/en\/blog\/\" \/>\n<meta property=\"og:locale\" content=\"en_US\" \/>\n<meta property=\"og:type\" content=\"article\" \/>\n<meta property=\"og:title\" content=\"Blog | Elc\u00e9a\" \/>\n<meta property=\"og:url\" content=\"https:\/\/elcea-laboratoires.com\/en\/blog\/\" \/>\n<meta property=\"og:site_name\" content=\"Elc\u00e9a\" \/>\n<meta property=\"article:modified_time\" content=\"2023-09-05T13:18:17+00:00\" \/>\n<meta name=\"twitter:card\" content=\"summary_large_image\" \/>\n<script type=\"application\/ld+json\" class=\"yoast-schema-graph\">{\"@context\":\"https:\/\/schema.org\",\"@graph\":[{\"@type\":\"WebPage\",\"@id\":\"https:\/\/elcea-laboratoires.com\/en\/blog\/\",\"url\":\"https:\/\/elcea-laboratoires.com\/en\/blog\/\",\"name\":\"Blog | Elc\u00e9a\",\"isPartOf\":{\"@id\":\"https:\/\/elcea-laboratoires.com\/#website\"},\"datePublished\":\"2020-08-10T06:56:49+00:00\",\"dateModified\":\"2023-09-05T13:18:17+00:00\",\"breadcrumb\":{\"@id\":\"https:\/\/elcea-laboratoires.com\/en\/blog\/#breadcrumb\"},\"inLanguage\":\"en-US\",\"potentialAction\":[{\"@type\":\"ReadAction\",\"target\":[\"https:\/\/elcea-laboratoires.com\/en\/blog\/\"]}]},{\"@type\":\"BreadcrumbList\",\"@id\":\"https:\/\/elcea-laboratoires.com\/en\/blog\/#breadcrumb\",\"itemListElement\":[{\"@type\":\"ListItem\",\"position\":1,\"name\":\"Accueil\",\"item\":\"https:\/\/elcea-laboratoires.com\/\"},{\"@type\":\"ListItem\",\"position\":2,\"name\":\"Blog\"}]},{\"@type\":\"WebSite\",\"@id\":\"https:\/\/elcea-laboratoires.com\/#website\",\"url\":\"https:\/\/elcea-laboratoires.com\/\",\"name\":\"Elc\u00e9a\",\"description\":\"Coloration Experte\",\"publisher\":{\"@id\":\"https:\/\/elcea-laboratoires.com\/#organization\"},\"potentialAction\":[{\"@type\":\"SearchAction\",\"target\":{\"@type\":\"EntryPoint\",\"urlTemplate\":\"https:\/\/elcea-laboratoires.com\/?s={search_term_string}\"},\"query-input\":\"required name=search_term_string\"}],\"inLanguage\":\"en-US\"},{\"@type\":\"Organization\",\"@id\":\"https:\/\/elcea-laboratoires.com\/#organization\",\"name\":\"Elc\u00e9a\",\"url\":\"https:\/\/elcea-laboratoires.com\/\",\"logo\":{\"@type\":\"ImageObject\",\"inLanguage\":\"en-US\",\"@id\":\"https:\/\/elcea-laboratoires.com\/#\/schema\/logo\/image\/\",\"url\":\"https:\/\/elcea-laboratoires.com\/wp-content\/uploads\/2020\/08\/logo-1.svg\",\"contentUrl\":\"https:\/\/elcea-laboratoires.com\/wp-content\/uploads\/2020\/08\/logo-1.svg\",\"width\":165,\"height\":50,\"caption\":\"Elc\u00e9a\"},\"image\":{\"@id\":\"https:\/\/elcea-laboratoires.com\/#\/schema\/logo\/image\/\"}}]}<\/script>\n<!-- \/ Yoast SEO plugin. -->","yoast_head_json":{"title":"Blog | Elc\u00e9a","robots":{"index":"index","follow":"follow","max-snippet":"max-snippet:-1","max-image-preview":"max-image-preview:large","max-video-preview":"max-video-preview:-1"},"canonical":"https:\/\/elcea-laboratoires.com\/en\/blog\/","og_locale":"en_US","og_type":"article","og_title":"Blog | Elc\u00e9a","og_url":"https:\/\/elcea-laboratoires.com\/en\/blog\/","og_site_name":"Elc\u00e9a","article_modified_time":"2023-09-05T13:18:17+00:00","twitter_card":"summary_large_image","schema":{"@context":"https:\/\/schema.org","@graph":[{"@type":"WebPage","@id":"https:\/\/elcea-laboratoires.com\/en\/blog\/","url":"https:\/\/elcea-laboratoires.com\/en\/blog\/","name":"Blog | Elc\u00e9a","isPartOf":{"@id":"https:\/\/elcea-laboratoires.com\/#website"},"datePublished":"2020-08-10T06:56:49+00:00","dateModified":"2023-09-05T13:18:17+00:00","breadcrumb":{"@id":"https:\/\/elcea-laboratoires.com\/en\/blog\/#breadcrumb"},"inLanguage":"en-US","potentialAction":[{"@type":"ReadAction","target":["https:\/\/elcea-laboratoires.com\/en\/blog\/"]}]},{"@type":"BreadcrumbList","@id":"https:\/\/elcea-laboratoires.com\/en\/blog\/#breadcrumb","itemListElement":[{"@type":"ListItem","position":1,"name":"Accueil","item":"https:\/\/elcea-laboratoires.com\/"},{"@type":"ListItem","position":2,"name":"Blog"}]},{"@type":"WebSite","@id":"https:\/\/elcea-laboratoires.com\/#website","url":"https:\/\/elcea-laboratoires.com\/","name":"Elc\u00e9a","description":"Coloration Experte","publisher":{"@id":"https:\/\/elcea-laboratoires.com\/#organization"},"potentialAction":[{"@type":"SearchAction","target":{"@type":"EntryPoint","urlTemplate":"https:\/\/elcea-laboratoires.com\/?s={search_term_string}"},"query-input":"required name=search_term_string"}],"inLanguage":"en-US"},{"@type":"Organization","@id":"https:\/\/elcea-laboratoires.com\/#organization","name":"Elc\u00e9a","url":"https:\/\/elcea-laboratoires.com\/","logo":{"@type":"ImageObject","inLanguage":"en-US","@id":"https:\/\/elcea-laboratoires.com\/#\/schema\/logo\/image\/","url":"https:\/\/elcea-laboratoires.com\/wp-content\/uploads\/2020\/08\/logo-1.svg","contentUrl":"https:\/\/elcea-laboratoires.com\/wp-content\/uploads\/2020\/08\/logo-1.svg","width":165,"height":50,"caption":"Elc\u00e9a"},"image":{"@id":"https:\/\/elcea-laboratoires.com\/#\/schema\/logo\/image\/"}}]}},"_links":{"self":[{"href":"https:\/\/elcea-laboratoires.com\/en\/wp-json\/wp\/v2\/pages\/8583"}],"collection":[{"href":"https:\/\/elcea-laboratoires.com\/en\/wp-json\/wp\/v2\/pages"}],"about":[{"href":"https:\/\/elcea-laboratoires.com\/en\/wp-json\/wp\/v2\/types\/page"}],"author":[{"embeddable":true,"href":"https:\/\/elcea-laboratoires.com\/en\/wp-json\/wp\/v2\/users\/13"}],"replies":[{"embeddable":true,"href":"https:\/\/elcea-laboratoires.com\/en\/wp-json\/wp\/v2\/comments?post=8583"}],"version-history":[{"count":1,"href":"https:\/\/elcea-laboratoires.com\/en\/wp-json\/wp\/v2\/pages\/8583\/revisions"}],"predecessor-version":[{"id":8585,"href":"https:\/\/elcea-laboratoires.com\/en\/wp-json\/wp\/v2\/pages\/8583\/revisions\/8585"}],"wp:attachment":[{"href":"https:\/\/elcea-laboratoires.com\/en\/wp-json\/wp\/v2\/media?parent=8583"}],"curies":[{"name":"wp","href":"https:\/\/api.w.org\/{rel}","templated":true}]}}